{"id":21516,"date":"2025-09-04T17:22:16","date_gmt":"2025-09-04T14:22:16","guid":{"rendered":"https:\/\/www.paribu.com\/blog\/?page_id=21516"},"modified":"2025-09-04T17:26:15","modified_gmt":"2025-09-04T14:26:15","slug":"paribu-teknoloji-anonim-sirketi-calisan-adaylarina-iliskin-kisisel-verilerin-korunmasi-hakkinda-aydinlatma-metni","status":"publish","type":"page","link":"https:\/\/www.paribu.com\/blog\/paribu-teknoloji-anonim-sirketi-calisan-adaylarina-iliskin-kisisel-verilerin-korunmasi-hakkinda-aydinlatma-metni\/","title":{"rendered":"PAR\u0130BU TEKNOLOJ\u0130 ANON\u0130M \u015e\u0130RKET\u0130 \u00c7ALI\u015eAN ADAYLARINA \u0130L\u0130\u015eK\u0130N K\u0130\u015e\u0130SEL VER\u0130LER\u0130N KORUNMASI HAKKINDA AYDINLATMA METN\u0130"},"content":{"rendered":"<p>Ki&#351;isel verilerin i&#351;lenmesinde ba&#351;ta &ouml;zel hayat&#305;n gizlili&#287;i olmak &uuml;zere ki&#351;ilerin temel hak ve<br>\n&ouml;zg&uuml;rl&uuml;klerinin korunmas&#305;n&#305; ama&ccedil;layan 7 Nisan 2016 tarihli ve 29677 Say&#305;l&#305; Resm&icirc;<br>\nGazete&rsquo;de yay&#305;mlanan 6698 say&#305;l&#305; Ki&#351;isel Verilerin Korunmas&#305; Kanunu (&ldquo;Kanun&rdquo;)&rsquo;nun &ldquo;Veri<br>\nSorumlusunun Ayd&#305;nlatma Y&uuml;k&uuml;ml&uuml;l&uuml;&#287;&uuml;&rdquo; ba&#351;l&#305;kl&#305; 10. maddesi ile 10 Mart 2018 tarih ve<br>\n30356 say&#305;l&#305; Resmi Gazete&rsquo;de yay&#305;mlanan Ayd&#305;nlatma Y&uuml;k&uuml;ml&uuml;l&uuml;&#287;&uuml;n&uuml;n Yerine<br>\nGetirilmesinde Uyulacak Usul ve Esaslar Hakk&#305;nda Tebli&#287; uyar&#305;nca, Paribu Teknoloji A.&#350;.<br>\n(&ldquo;Paribu Teknoloji&rdquo; veya &ldquo;&#350;irket&rdquo;) olarak, Paribu Teknoloji&rsquo;ye yapaca&#287;&#305;n&#305;z i&#351; ba&#351;vurusu<br>\ns&uuml;reci kapsam&#305;nda ki&#351;isel verilerinizi i&#351;liyoruz. Bu ayd&#305;nlatma metni, a&#351;a&#287;&#305;da belirtilen<br>\nki&#351;isel verilerinizi, veri sorumlusu olarak nas&#305;l i&#351;ledi&#287;imize ili&#351;kin bilgi vermek amac&#305; ile<br>\nhaz&#305;rlanm&#305;&#351;t&#305;r.<\/p>\n<p>A. &#304;&#351;lenen Ki&#351;isel Verileriniz Nelerdir?<br>\nParibu Teknoloji ile ili&#351;kiniz kapsam&#305;nda a&#351;a&#287;&#305;daki ki&#351;isel verileriniz i&#351;lenmektedir;<br>\nKimlik Bilgileriniz: Ad soyad&#305;, do&#287;um yeri, do&#287;um tarihi, ya&#351;, T.C. kimlik numaras&#305;.<br>\n&#304;leti&#351;im Bilgileriniz: Telefon numaras&#305;, e-posta, ev adresi, i&#351;yeri adresi.<br>\nE&#287;itim, &#304;&#351; ve Profesyonel Ya&#351;ama &#304;li&#351;kin Bilgileriniz: &Ccedil;al&#305;&#351;ma ge&ccedil;mi&#351;i, i&#351;veren bilgisi,<br>\nmezun olunan okul ge&ccedil;mi&#351;i, profesyonel yetkinlikler, &ouml;zge&ccedil;mi&#351; bilgileri, sertifikalar, e&#287;er<br>\nvarsa web site\/ blog\/ portfolyo ve Linkedin profil <span class=\" cmtt_Kripto Para\" title=\"Paribu S&ouml;zl&uuml;k: Chainlink (LINK) nedir?\" data-mobile-support=\"0\" data-gt-translate-attributes='[{\"attribute\":\"data-cmtooltip\", \"format\":\"html\"}]' tabindex=\"0\" role=\"link\">link<\/span> bilgisi, askerlik durumu.<br>\nG&ouml;rsel Verileriniz: Foto&#287;raf ve video kayd&#305;.<br>\n&#350;irket Yerle&#351;kemizin G&uuml;venli&#287;ine &#304;li&#351;kin Veriler: Tesislere giri&#351; ve &ccedil;&#305;k&#305;&#351; kay&#305;tlar&#305; ve kamera<br>\nkay&#305;tlar&#305;.<\/p>\n<p>B. Ki&#351;isel Verilerin &#304;&#351;lenme Ama&ccedil;lar&#305;<br>\nParibu Teknoloji ile ili&#351;kiniz kapsam&#305;nda elde edilen ki&#351;isel verileriniz a&#351;a&#287;&#305;daki ama&ccedil;larla<br>\ni&#351;lenmektedir;<\/p>\n<p>&nbsp;<\/p>\n<ul>\n<li>Ba&#351;vuru s&uuml;re&ccedil;lerinin de&#287;erlendirilmesi ve ba&#351;vurdu&#287;unuz pozisyona ili&#351;kin i&#351;e yatk&#305;nl&#305;&#287;&#305;n &ouml;l&ccedil;&uuml;lebilmesi,<\/li>\n<li>Online ger&ccedil;ekle&#351;tirilecek m&uuml;lakatlarda\/ g&ouml;r&uuml;&#351;melerde r&#305;zan&#305;z&#305;n varl&#305;&#287;&#305; halinde ekran kayd&#305;n&#305;n (g&ouml;r&uuml;nt&uuml; ve ses) al&#305;nmas&#305;,<\/li>\n<li>&#304;&#351; ba&#351;vuru formu ve i&#351; g&ouml;r&uuml;&#351;melerine davetlerinin g&ouml;nderilmesi,<\/li>\n<li>&#304;&#351; g&ouml;r&uuml;&#351;melerinin y&uuml;r&uuml;t&uuml;lmesi,<\/li>\n<li>Ba&#351;vurunuzun olumlu de&#287;erlendirilmemesi halinde ileride a&ccedil;&#305;lacak size uygun pozisyonlarda de&#287;erlendirilmek amac&#305;yla ileti&#351;ime ge&ccedil;ilmesi,<\/li>\n<li>Ba&#351;vurunuz ile ilgili taraf&#305;n&#305;za s&uuml;re&ccedil; bilgilendirmelerinin yap&#305;lmas&#305;,<\/li>\n<li>Mali ve sosyal haklar&#305;n planlanmas&#305;,<\/li>\n<li>&#304;&#351; ortaklar&#305;m&#305;z&#305;n talebi halinde i&#351; ba&#351;vurunuza ili&#351;kin verilerinizin r&#305;zan&#305;z&#305;n varl&#305;&#287;&#305; halinde i&#351; ortaklar&#305;m&#305;zla payla&#351;&#305;lmas&#305;,<\/li>\n<li>G&uuml;venli&#287;in sa&#287;lanmas&#305; amac&#305;yla belirlenen b&ouml;lgelerde kamera kayd&#305; yap&#305;lmas&#305; ve giri&#351; &ndash; &ccedil;&#305;k&#305;&#351; kay&#305;tlar&#305;n&#305;n al&#305;nmas&#305;.<\/li>\n<\/ul>\n<p>C. &#304;&#351;lenen Ki&#351;isel Verilerin Aktar&#305;m&#305; Ki&#351;isel verileriniz Paribu Teknoloji taraf&#305;ndan yukar&#305;da belirtilen ama&ccedil;lar&#305;n ger&ccedil;ekle&#351;tirilebilmesi i&ccedil;in Kanun&rsquo;un 5. maddesinde d&uuml;zenlenen veri i&#351;leme &#351;artlar&#305; kapsam&#305;nda ve Kanun&rsquo;un 8. ve 9. maddelerinde belirtilen ki&#351;isel verilerin aktar&#305;lmas&#305;na ili&#351;kin kurallara uygun &#351;ekilde yurt i&ccedil;inde ve yurt d&#305;&#351;&#305;nda bulunan yetkili resmi kurum ve kurulu&#351;lar, kolluk kuvvetleri, mahkemeler, hizmet sa&#287;lay&#305;c&#305; firmalar ve i&#351; ortaklar&#305;m&#305;z ile payla&#351;&#305;labilecektir.<\/p>\n<p>D. Ki&#351;isel Verilerin Toplanma Y&ouml;ntemleri ve Hukuki Sebepleri Paribu Teknoloji ile ili&#351;kiniz kapsam&#305;nda ki&#351;isel verileriniz yukar&#305;da yer verilen ama&ccedil; ve hizmetlerin Kanun&rsquo;un 5., 8. ve 9. madde h&uuml;k&uuml;mlerinde &ouml;ng&ouml;r&uuml;len &ccedil;er&ccedil;evede verilebilmesi amac&#305;na dayal&#305; olarak e-posta kanallar&#305; ve web sitemiz &uuml;zerinden i&#351;e ba&#351;vuru formunun doldurulmas&#305; ile otomatik ve k&#305;smen otomatik yollarla toplanmaktad&#305;r.<\/p>\n<p>Kanun&rsquo;un 5. maddesinde belirtilen &ldquo;bir s&ouml;zle&#351;menin kurulmas&#305; veya ifas&#305;&rdquo;, &ldquo;veri sorumlusunun hukuki y&uuml;k&uuml;ml&uuml;l&uuml;klerinin yerine getirilmesi&rdquo;, &ldquo;bir hakk&#305;n tesisi, kurulmas&#305; veya korunmas&#305;&rdquo;, &ldquo;veri sorumlusunun me&#351;ru menfaatleri i&ccedil;in veri i&#351;lenmesinin zorunlu olmas&#305;&rdquo; ve &ldquo;a&ccedil;&#305;k r&#305;zan&#305;z&#305;n varl&#305;&#287;&#305;&rdquo; hukuki sebeplerine dayal&#305; olarak ki&#351;isel verileriniz i&#351;lenmektedir.<\/p>\n<p>E. Ki&#351;isel Verileriniz ile &#304;lgili Haklar&#305;n&#305;z Kanun&rsquo;un &ldquo;ilgili ki&#351;inin haklar&#305;n&#305; d&uuml;zenleyen&rdquo; 11. maddesi kapsam&#305;nda ki&#351;isel verilerinizle ilgili olarak a&#351;a&#287;&#305;daki haklar&#305;n&#305;z bulunmaktad&#305;r;<\/p>\n<ul>\n<li>Ki&#351;isel veri i&#351;lenip i&#351;lenmedi&#287;ini &ouml;&#287;renme,<\/li>\n<li>Ki&#351;isel verileri i&#351;lenmi&#351;se buna ili&#351;kin bilgi talep etme,<\/li>\n<li>Ki&#351;isel verilerin i&#351;lenme amac&#305;n&#305; ve bunlar&#305;n amac&#305;na uygun kullan&#305;l&#305;p kullan&#305;lmad&#305;&#287;&#305;n&#305; &ouml;&#287;renme,<\/li>\n<li>Yurt i&ccedil;inde veya yurt d&#305;&#351;&#305;nda ki&#351;isel verilerin aktar&#305;ld&#305;&#287;&#305; &uuml;&ccedil;&uuml;nc&uuml; ki&#351;ileri bilme,<\/li>\n<li>Ki&#351;isel verilerin eksik veya yanl&#305;&#351; i&#351;lenmi&#351; olmas&#305; h&acirc;linde bunlar&#305;n d&uuml;zeltilmesini isteme,<\/li>\n<li>Ki&#351;isel verilerin silinmesini veya yok edilmesini isteme,<\/li>\n<li>Ki&#351;isel verilerin d&uuml;zeltilmesi, silinmesi ya da yok edilmesi halinde bu i&#351;lemlerin ki&#351;isel verilerin aktar&#305;ld&#305;&#287;&#305; &uuml;&ccedil;&uuml;nc&uuml; ki&#351;ilere bildirilmesini isteme,<\/li>\n<li>&#304;&#351;lenen verilerin m&uuml;nhas&#305;ran otomatik sistemler vas&#305;tas&#305;yla analiz edilmesi suretiyle ki&#351;inin kendisi aleyhine bir sonucun ortaya &ccedil;&#305;kmas&#305;na itiraz etme,<\/li>\n<li>Ki&#351;isel verilerin kanuna ayk&#305;r&#305; olarak i&#351;lenmesi sebebiyle zarara u&#287;ramas&#305; h&acirc;linde zarar&#305;n giderilmesini talep etme.<\/li>\n<\/ul>\n<p>Bu madde kapsam&#305;ndaki haklar&#305;n&#305;z&#305; kullanmak i&ccedil;in a&#351;a&#287;&#305;daki y&ouml;ntemlerden birini se&ccedil;erek Veri Sorumlusuna Ba&#351;vuru Usul ve Esaslar&#305; Hakk&#305;nda Tebli&#287;&rsquo;e uygun olacak &#351;ekilde;<\/p>\n<ul>\n<li>Huzur Mahallesi Maslak Ayaza&#287;a Caddesi Uniq &#304;stanbul Sitesi B Blok No: 4B Sar&#305;yer\/ &#304;stanbul adresine dilek&ccedil;e veya noter kanal&#305; ile posta g&ouml;ndererek,<\/li>\n<li>Kay&#305;tl&#305; elektronik posta (KEP) arac&#305;l&#305;&#287;&#305; ile <a href=\"mailto:0721098361500001@hs02.kep.tr\">0721098361500001@hs02.kep.tr<\/a> adresine g&ouml;ndererek taraf&#305;m&#305;za iletebilirsiniz.<\/li>\n<\/ul>\n<p>Bu kapsamda yap&#305;lacak olan &#351;ahsen ba&#351;vurular taraf&#305;m&#305;zca ger&ccedil;ekle&#351;tirilecek kimlik do&#287;rulamas&#305;n&#305; takiben kabul edilecek olup; talepleriniz, niteli&#287;ine g&ouml;re en k&#305;sa s&uuml;rede ve en ge&ccedil; 30 g&uuml;n i&ccedil;inde sonu&ccedil;land&#305;r&#305;lacakt&#305;r.<\/p>\n","protected":false},"excerpt":{"rendered":"<p>Ki&#351;isel verilerin i&#351;lenmesinde ba&#351;ta &ouml;zel hayat&#305;n gizlili&#287;i olmak &uuml;zere ki&#351;ilerin temel hak ve &ouml;zg&uuml;rl&uuml;klerinin korunmas&#305;n&#305; ama&ccedil;layan 7 Nisan 2016 tarihli ve 29677 Say&#305;l&#305; Resm&icirc; Gazete&rsquo;de yay&#305;mlanan 6698 say&#305;l&#305; Ki&#351;isel Verilerin Korunmas&#305; Kanunu (&ldquo;Kanun&rdquo;)&rsquo;nun &ldquo;Veri Sorumlusunun Ayd&#305;nlatma Y&uuml;k&uuml;ml&uuml;l&uuml;&#287;&uuml;&rdquo; ba&#351;l&#305;kl&#305; 10. maddesi ile 10 Mart 2018 tarih ve 30356 say&#305;l&#305; Resmi Gazete&rsquo;de yay&#305;mlanan Ayd&#305;nlatma Y&uuml;k&uuml;ml&uuml;l&uuml;&#287;&uuml;n&uuml;n Yerine Getirilmesinde [&hellip;]<\/p>\n","protected":false},"author":1,"featured_media":0,"parent":0,"menu_order":0,"comment_status":"closed","ping_status":"closed","template":"","meta":{"footnotes":""},"class_list":["post-21516","page","type-page","status-publish","hentry"],"_links":{"self":[{"href":"https:\/\/www.paribu.com\/blog\/wp-json\/wp\/v2\/pages\/21516","targetHints":{"allow":["GET"]}}],"collection":[{"href":"https:\/\/www.paribu.com\/blog\/wp-json\/wp\/v2\/pages"}],"about":[{"href":"https:\/\/www.paribu.com\/blog\/wp-json\/wp\/v2\/types\/page"}],"author":[{"embeddable":true,"href":"https:\/\/www.paribu.com\/blog\/wp-json\/wp\/v2\/users\/1"}],"replies":[{"embeddable":true,"href":"https:\/\/www.paribu.com\/blog\/wp-json\/wp\/v2\/comments?post=21516"}],"version-history":[{"count":0,"href":"https:\/\/www.paribu.com\/blog\/wp-json\/wp\/v2\/pages\/21516\/revisions"}],"wp:attachment":[{"href":"https:\/\/www.paribu.com\/blog\/wp-json\/wp\/v2\/media?parent=21516"}],"curies":[{"name":"wp","href":"https:\/\/api.w.org\/{rel}","templated":true}]}}