{"id":17020,"date":"2024-10-18T14:32:44","date_gmt":"2024-10-18T11:32:44","guid":{"rendered":"https:\/\/www.paribu.com\/blog\/?page_id=17020"},"modified":"2024-11-01T12:12:10","modified_gmt":"2024-11-01T09:12:10","slug":"yeni-fellowlari-taniyin","status":"publish","type":"page","link":"https:\/\/www.paribu.com\/blog\/yeni-fellowlari-taniyin\/","title":{"rendered":"10 Creative Fellows 2024-2025 d\u00f6nemi kat\u0131l\u0131mc\u0131lar\u0131n\u0131 tan\u0131y\u0131n"},"content":{"rendered":"<p>[dflip id=&rdquo;17037&Prime; ][\/dflip]<\/p>\n","protected":false},"excerpt":{"rendered":"<p>[dflip id=&rdquo;17037&Prime; ][\/dflip]<\/p>\n","protected":false},"author":1,"featured_media":0,"parent":0,"menu_order":0,"comment_status":"closed","ping_status":"closed","template":"","meta":{"footnotes":""},"class_list":["post-17020","page","type-page","status-publish","hentry"],"_links":{"self":[{"href":"https:\/\/www.paribu.com\/blog\/wp-json\/wp\/v2\/pages\/17020","targetHints":{"allow":["GET"]}}],"collection":[{"href":"https:\/\/www.paribu.com\/blog\/wp-json\/wp\/v2\/pages"}],"about":[{"href":"https:\/\/www.paribu.com\/blog\/wp-json\/wp\/v2\/types\/page"}],"author":[{"embeddable":true,"href":"https:\/\/www.paribu.com\/blog\/wp-json\/wp\/v2\/users\/1"}],"replies":[{"embeddable":true,"href":"https:\/\/www.paribu.com\/blog\/wp-json\/wp\/v2\/comments?post=17020"}],"version-history":[{"count":0,"href":"https:\/\/www.paribu.com\/blog\/wp-json\/wp\/v2\/pages\/17020\/revisions"}],"wp:attachment":[{"href":"https:\/\/www.paribu.com\/blog\/wp-json\/wp\/v2\/media?parent=17020"}],"curies":[{"name":"wp","href":"https:\/\/api.w.org\/{rel}","templated":true}]}}