{"id":16115,"date":"2024-08-15T11:43:55","date_gmt":"2024-08-15T08:43:55","guid":{"rendered":"https:\/\/www.paribu.com\/blog\/?page_id=16115"},"modified":"2024-08-15T20:22:26","modified_gmt":"2024-08-15T17:22:26","slug":"besiktas-token-bjk-sahibi-paribu-kullanicilari-maci-locadan-izliyor","status":"publish","type":"page","link":"https:\/\/www.paribu.com\/blog\/besiktas-token-bjk-sahibi-paribu-kullanicilari-maci-locadan-izliyor\/","title":{"rendered":"Be\u015fikta\u015f Token (BJK) sahibi Paribu kullan\u0131c\u0131lar\u0131 ma\u00e7\u0131 locadan izliyor"},"content":{"rendered":"<p>[timed-content-server show=&rdquo;2024-08-15 19:03:00 +0300&Prime;]<br>\n<strong>G&uuml;ncelleme: &ldquo;Be&#351;ikta&#351; <span class=\"\" title=\"Paribu S&ouml;zl&uuml;k: Token nedir?\" data-mobile-support=\"0\" data-gt-translate-attributes='[{\"attribute\":\"data-cmtooltip\", \"format\":\"html\"}]' tabindex=\"0\" role=\"link\">Token<\/span> (BJK) sahibi Paribu kullan&#305;c&#305;lar&#305; ma&ccedil;&#305; locadan izliyor&rdquo; yar&#305;&#351;mam&#305;z sona erdi.<\/strong><br>\n[\/timed-content-server]<br>\n15 A&#287;ustos 2024 Per&#351;embe g&uuml;n&uuml; saat 15.00 &ndash; 19.03 saatleri aras&#305;nda Paribu hesab&#305;nda en az 10 Be&#351;ikta&#351; Token (BJK) olan ve soruya do&#287;ru cevap veren ilk 15 ki&#351;i, 18 A&#287;ustos 2024 Pazar g&uuml;n&uuml; saat 21.45&rsquo;te oynanacak olan Be&#351;ikta&#351; &ndash; Antalyaspor ma&ccedil;&#305;n&#305; locadan izleme f&#305;rsat&#305; kazan&#305;yor.<\/p>\n<p>Paribu&rsquo;ya &uuml;ye olmak i&ccedil;in <a href=\"https:\/\/paribu.go.link?adj_t=1fc0lls1&amp;adj_campaign=18+Agustos+Loca+Hediyesi&amp;adj_adgroup=Paribulog-KatilimKosullari&amp;adj_fallback=https%3A%2F%2Fwww.paribu.com%2Fauth%2Fsign-up%3Futm_source%3DParibuLog%26utm_medium%3DKatilimKosullari%26utm_campaign%3DBesiktasToken2024%26utm_term%3DCPI%26utm_content%3DBesiktasToken-LocaHediyesi&amp;adj_redirect_macos=https%3A%2F%2Fwww.paribu.com%2Fauth%2Fsign-up%3Futm_source%3DParibuLog%26utm_medium%3DKatilimKosullari%26utm_campaign%3DBesiktasToken2024%26utm_term%3DCPI%26utm_content%3DBesiktasToken-LocaHediyesi\" target=\"_blank\" rel=\"noopener\">t&#305;klay&#305;n<\/a>.<\/p>\n<h3>Kat&#305;l&#305;m ko&#351;ullar&#305; ve detaylar<\/h3>\n<ul>\n<li><strong>18 A&#287;ustos 2024 Pazar<\/strong> g&uuml;n&uuml; saat <strong>21.45&rsquo;te<\/strong> T&uuml;pra&#351; Stadyumu&rsquo;nda oynanacak olan <strong>Be&#351;ikta&#351; &ndash; Antalyaspor <\/strong>ma&ccedil;&#305;na &ouml;d&uuml;l olarak verilecek toplam 15 Paribu loca bileti i&ccedil;in ilan edilen &ldquo;Yar&#305;&#351;ma&rdquo; 15 A&#287;ustos 2024 g&uuml;n&uuml; d&uuml;zenlenecektir. Yar&#305;&#351;ma, Paribu&rsquo;nun resmi sosyal medya hesaplar&#305;ndan duyurulacak ve kat&#305;l&#305;m i&ccedil;in ilgili &ldquo;ParibuLog&rdquo; sayfas&#305;na y&ouml;nlendirme yap&#305;lacakt&#305;r. Yar&#305;&#351;ma 15 A&#287;ustos 2024 g&uuml;n&uuml; saat 15.00&rsquo;da ba&#351;layacak ve saat 19.03&rsquo;te sona erecektir.<\/li>\n<li>Paribu&rsquo;nun kay&#305;tlar&#305; uyar&#305;nca, Yar&#305;&#351;ma&rsquo;da do&#287;ru cevab&#305; veren &ldquo;<strong>ilk&rdquo; 15 (onbe&#351;) Be&#351;ikta&#351; Token (BJK) sahibi as&#305;l kazanan ve Yar&#305;&#351;ma&rsquo;da as&#305;l kazanandan sonra do&#287;ru cevap veren 45 ki&#351;i (k&#305;rk be&#351; ki&#351;i) yedek kazanan olacakt&#305;r.<\/strong> &#304;lk 15 kazanan Paribu locas&#305;nda ma&ccedil;&#305; izleyebilecektir. &#304;lk 15 kazanandan birisi herhangi bir sebeple kat&#305;lamamas&#305; halinde, bir sonraki yedek kazanan ma&ccedil; izlemeye hak kazanacakt&#305;r.<\/li>\n<li>Yar&#305;&#351;maya do&#287;ru cevap veren ve &#351;artlar&#305;n tamam&#305;n&#305; sa&#287;layan ki&#351;iler, zamansal s&#305;ralamaya tabi olacak olup, yar&#305;&#351;man&#305;n kazananlar&#305; zamansal olarak ilk olan 15 ki&#351;i&nbsp; olacakt&#305;r.<\/li>\n<li>Yar&#305;&#351;maya Paribu c&uuml;zdan&#305;nda en az <strong>10 adet Be&#351;ikta&#351; Token (BJK) <\/strong>olan ki&#351;iler kat&#305;labilir. Yar&#305;&#351;maya do&#287;ru cevap verip yar&#305;&#351;ma s&uuml;resinin sonuna kadar c&uuml;zdanlar&#305;na <strong>10 adet Be&#351;ikta&#351; Token (BJK)<\/strong> al&#305;m&#305; yapanlar da yar&#305;&#351;maya kat&#305;labilecektir.<\/li>\n<li>Bilet devirleri 16 A&#287;ustos 2024 tarihinde ger&ccedil;ekle&#351;ecektir. Bu yar&#305;&#351;ma ile hak kazanan ki&#351;ilerin 16 A&#287;ustos 2024 saat 15:00&rsquo;e kadar ge&ccedil;erli Be&#351;ikta&#351; Passolig Kart&nbsp; sahibi olmas&#305; ve E-bilet s&uuml;relerinin 2024-25 S&uuml;per Lig Sezonunu kapsamas&#305; gerekmektedir. Belirtilen tarih ve saat itibar&#305;yla E-bilet s&uuml;releri ge&ccedil;erli olmayan &ldquo;as&#305;l&rdquo; kazanan&#305;n yerine ilk &ldquo;yedek&rdquo; kazanan ki&#351;iye bilet devri ger&ccedil;ekle&#351;tirilecektir.<\/li>\n<li>Kazanan &ldquo;as&#305;l&rdquo; ve &ldquo;yedek&rdquo; ki&#351;ilere verdikleri ileti&#351;im bilgilerinden Paribu taraf&#305;ndan ula&#351;&#305;lacak olup bilet devir i&ccedil;in gerekli bilgilendirme yap&#305;lacakt&#305;r.<\/li>\n<li>Yar&#305;&#351;madan sadece ger&ccedil;ek ki&#351;iler faydalanabilir, t&uuml;zel ki&#351;iler faydalanamaz.<\/li>\n<li>Paribu, yar&#305;&#351;maya kat&#305;l&#305;m sa&#287;layan ki&#351;ilerin ParibuLog sayfas&#305;nda bildirimini yapm&#305;&#351; oldu&#287;u t&uuml;m kimlik ve ileti&#351;im bilgilerini saklama, &uuml;&ccedil;&uuml;nc&uuml; taraflarla payla&#351;ma ve kullanma yetkisine sahiptir.<\/li>\n<li>Yar&#305;&#351;maya kat&#305;lan t&uuml;m kat&#305;l&#305;mc&#305;lar, yar&#305;&#351;ma &#351;artlar&#305;n&#305; okuyup anlayarak pe&#351;inen kabul etmi&#351; say&#305;l&#305;r.<\/li>\n<li>Yar&#305;&#351;ma kapsam&#305;nda &ccedil;&#305;kabilecek her t&uuml;rl&uuml; uyu&#351;mazl&#305;kta Paribu&rsquo;nun t&uuml;m kay&#305;tlar&#305; esas al&#305;nacakt&#305;r.<\/li>\n<li>Kat&#305;l&#305;mc&#305;lar&#305;n yar&#305;&#351;ma ko&#351;ullar&#305;na uyup uymad&#305;klar&#305;n&#305;n denetim ve de&#287;erlendirmesi, kat&#305;l&#305;mc&#305;lar&#305;n beyanlar&#305; &ccedil;er&ccedil;evesinde, m&uuml;nhas&#305;ran Paribu taraf&#305;ndan yap&#305;lacakt&#305;r.<\/li>\n<li>Paribu, yar&#305;&#351;ma s&uuml;resini ve t&uuml;m &#351;artlar&#305;n&#305; &ouml;nceden haber vermeksizin tek tarafl&#305; olarak de&#287;i&#351;tirebilir ya da yar&#305;&#351;may&#305; ba&#351;lam&#305;&#351; olsa dahi iptal edebilir. Bu de&#287;i&#351;iklik ya da iptal <strong>paribu.com\/blog<\/strong> sayfas&#305; &uuml;zerinden ilan edilir. Bu de&#287;i&#351;iklik ya da iptal, yar&#305;&#351;maya kat&#305;lan kullan&#305;c&#305;lara kazan&#305;lm&#305;&#351; hak te&#351;kil etmez.<\/li>\n<li>Paribu, yar&#305;&#351;maya kat&#305;l&#305;mda k&ouml;t&uuml; niyetli ya da hileli te&#351;ebb&uuml;slerde bulunuldu&#287;unu tespit etti&#287;i anda bu giri&#351;imlerde bulunan &uuml;yeleri yar&#305;&#351;ma kapsam&#305;ndan tek tarafl&#305; olarak &ccedil;&#305;karma hakk&#305;na sahiptir. Bu tarz te&#351;ebb&uuml;slerde bulunan kullan&#305;c&#305;lar&#305;n hesaplar&#305;n&#305;n k&#305;s&#305;tlanmas&#305; Paribu&rsquo;nun tek tarafl&#305; olarak yetkisindedir.<\/li>\n<li>Yar&#305;&#351;maya kat&#305;lmak isteyen kullan&#305;c&#305;lar&#305;n ya&#351;ayacaklar&#305; teknik aksakl&#305;klar dahil olmak &uuml;zere herhangi bir aksakl&#305;ktan Paribu mesul olmayacakt&#305;r ve bu aksakl&#305;k sebebiyle kullan&#305;c&#305; lehine kazan&#305;lm&#305;&#351; hak do&#287;mayacakt&#305;r.<\/li>\n<\/ul>\n<p>[timed-content-server hide=&rdquo;2024-08-15 19:03:00 +0300&Prime;]<\/p>\n<h3>Kat&#305;l&#305;m formu<\/h3>\n<p><\/p><div class=\"wpforms-container wpforms-container-full\" id=\"wpforms-16119\"><form id=\"wpforms-form-16119\" class=\"wpforms-validate wpforms-form wpforms-ajax-form\" data-formid=\"16119\" method=\"post\" enctype=\"multipart\/form-data\" action=\"\/blog\/wp-json\/wp\/v2\/pages\/16115\" data-token=\"e997a9bb996aac48c2e9cd9ef7c265d5\" data-token-time=\"1777136256\"><noscript class=\"wpforms-error-noscript\">Bu formu bitirebilmek i&ccedil;in taray&#305;c&#305;n&#305;zda JavaScript'i etkinle&#351;tirin.<\/noscript><div class=\"wpforms-field-container\"><div id=\"wpforms-16119-field_17-container\" class=\"wpforms-field wpforms-field-textarea\" data-field-id=\"17\"><label class=\"wpforms-field-label\" for=\"wpforms-16119-field_17\">Yar&#305;&#351;ma Sorusu: Be&#351;ikta&#351; Token&rsquo;&#305;n maksimum arz&#305; ka&ccedil; adettir? <span class=\"wpforms-required-label\">*<\/span><\/label><textarea id=\"wpforms-16119-field_17\" class=\"wpforms-field-medium wpforms-field-required\" name=\"wpforms[fields][17]\" required><\/textarea><\/div><div id=\"wpforms-16119-field_13-container\" class=\"wpforms-field wpforms-field-name\" data-field-id=\"13\"><label class=\"wpforms-field-label\">Ad&#305;n&#305;z, soyad&#305;n&#305;z <span class=\"wpforms-required-label\">*<\/span><\/label><div class=\"wpforms-field-row wpforms-field-large\"><div class=\"wpforms-field-row-block wpforms-first wpforms-one-half\"><input type=\"text\" id=\"wpforms-16119-field_13\" class=\"wpforms-field-name-first wpforms-field-required\" name=\"wpforms[fields][13][first]\" required><label for=\"wpforms-16119-field_13\" class=\"wpforms-field-sublabel after\">Ad<\/label><\/div><div class=\"wpforms-field-row-block wpforms-one-half\"><input type=\"text\" id=\"wpforms-16119-field_13-last\" class=\"wpforms-field-name-last wpforms-field-required\" name=\"wpforms[fields][13][last]\" required><label for=\"wpforms-16119-field_13-last\" class=\"wpforms-field-sublabel after\">Soyad<\/label><\/div><\/div><\/div><div id=\"wpforms-16119-field_18-container\" class=\"wpforms-field wpforms-field-number\" data-field-id=\"18\"><label class=\"wpforms-field-label\" for=\"wpforms-16119-field_18\">TCKN <span class=\"wpforms-required-label\">*<\/span><\/label><input type=\"number\" id=\"wpforms-16119-field_18\" class=\"wpforms-field-medium wpforms-field-required\" name=\"wpforms[fields][18]\" step=\"any\" required><div class=\"wpforms-field-description\">Bu bilgi, yar&#305;&#351;may&#305; kazanman&#305;z durumunda biletinizin olu&#351;turulmas&#305; i&ccedil;in kullan&#305;lacakt&#305;r.<\/div><\/div><div id=\"wpforms-16119-field_2-container\" class=\"wpforms-field wpforms-field-phone\" data-field-id=\"2\"><label class=\"wpforms-field-label\" for=\"wpforms-16119-field_2\">Telefon numaran&#305;z <span class=\"wpforms-required-label\">*<\/span><\/label><input type=\"tel\" id=\"wpforms-16119-field_2\" class=\"wpforms-field-medium wpforms-field-required\" data-rule-int-phone-field=\"true\" name=\"wpforms[fields][2]\" aria-label=\"Telefon numaran&#305;z\" required><\/div><div id=\"wpforms-16119-field_3-container\" class=\"wpforms-field wpforms-field-email\" data-field-id=\"3\"><label class=\"wpforms-field-label\" for=\"wpforms-16119-field_3\">E-posta adresiniz <span class=\"wpforms-required-label\">*<\/span><\/label><input type=\"email\" id=\"wpforms-16119-field_3\" class=\"wpforms-field-medium wpforms-field-required\" name=\"wpforms[fields][3]\" spellcheck=\"false\" required><\/div><div id=\"wpforms-16119-field_9-container\" class=\"wpforms-field wpforms-field-checkbox\" data-field-id=\"9\"><label class=\"wpforms-field-label wpforms-label-hide\">Ayd&#305;nlatma metni <span class=\"wpforms-required-label\">*<\/span><\/label><ul id=\"wpforms-16119-field_9\" class=\"wpforms-field-required\"><li class=\"choice-1 depth-1\"><input type=\"checkbox\" id=\"wpforms-16119-field_9_1\" name=\"wpforms[fields][9][]\" value=\"Paribu taraf&#305;ndan i&#351;lenen ki&#351;isel verilere dair bilginin yer ald&#305;&#287;&#305; Ayd&#305;nlatma Metni&rsquo;ni okudum ve anlad&#305;m.\" required><label class=\"wpforms-field-label-inline\" for=\"wpforms-16119-field_9_1\">Paribu taraf&#305;ndan i&#351;lenen ki&#351;isel verilere dair bilginin yer ald&#305;&#287;&#305; Ayd&#305;nlatma Metni&rsquo;ni okudum ve anlad&#305;m. <span class=\"wpforms-required-label\">*<\/span><\/label><\/li><\/ul><div class=\"wpforms-field-description wpforms-disclaimer-description\"><p><strong>PAR&#304;BU TEKNOLOJ&#304; ANON&#304;M &#350;&#304;RKET&#304;&nbsp;<\/strong><strong>BE&#350;&#304;KTA&#350; TOKEN YARI&#350;MASI&nbsp;<\/strong><strong>KATILIMCILARINA &#304;L&#304;&#350;K&#304;N&nbsp;<\/strong><strong>AYDINLATMA METN&#304;<\/strong><\/p><br>\r\n<p>Ki&#351;isel verilerin i&#351;lenmesinde ba&#351;ta &ouml;zel hayat&#305;n gizlili&#287;i olmak &uuml;zere ki&#351;ilerin temel hak ve &ouml;zg&uuml;rl&uuml;klerinin korunmas&#305;n&#305; ama&ccedil;layan 7 Nisan 2016 tarihli ve 29677 Say&#305;l&#305; Resm&icirc; Gazete&rsquo;de yay&#305;mlanan 6698 say&#305;l&#305; Ki&#351;isel Verilerin Korunmas&#305; Kanunu (&ldquo;<strong>Kanun<\/strong>&rdquo;)&rsquo;nun &ldquo;Veri Sorumlusunun Ayd&#305;nlatma Y&uuml;k&uuml;ml&uuml;l&uuml;&#287;&uuml;&rdquo; ba&#351;l&#305;kl&#305; 10. maddesi ile 10 Mart 2018 tarih ve 30356 say&#305;l&#305; Resmi Gazete&rsquo;de yay&#305;mlanan Ayd&#305;nlatma Y&uuml;k&uuml;ml&uuml;l&uuml;&#287;&uuml;n&uuml;n Yerine Getirilmesinde Uyulacak Usul ve Esaslar Hakk&#305;nda Tebli&#287; uyar&#305;nca, Paribu Teknoloji A.&#350;. (&ldquo;<strong>Paribu<\/strong>&rdquo; veya &ldquo;<strong>&#350;irket<\/strong>&rdquo;) olarak, Be&#351;ikta&#351; Token Yar&#305;&#351;mas&#305; (&ldquo;<strong>BJK Token Yar&#305;&#351;mas&#305;<\/strong>&rdquo; veya &ldquo;<strong>Yar&#305;&#351;ma<\/strong>&rdquo;) kapsam&#305;nda ki&#351;isel verilerinizi i&#351;liyoruz. Bu ayd&#305;nlatma metni, a&#351;a&#287;&#305;da belirtilen ki&#351;isel verilerinizi, veri sorumlusu olarak nas&#305;l i&#351;ledi&#287;imize ili&#351;kin bilgi vermek amac&#305; ile haz&#305;rlanm&#305;&#351;t&#305;r.<\/p><br>\r\n<p>Ki&#351;isel verileri nas&#305;l korudu&#287;umuz ve ki&#351;isel verileri i&#351;lerken uyum sa&#287;lad&#305;&#287;&#305;m&#305;z kurallar hakk&#305;nda detayl&#305; bilgi i&ccedil;in ayr&#305;ca <a href=\"http:\/\/www.paribu.com\" target=\"_blank\">www.paribu.com<\/a> web sitemiz &uuml;zerindeki Ki&#351;isel Verilerin &#304;&#351;lenmesi ve Korunmas&#305; Politikas&#305;&rsquo;n&#305; inceleyebilirsiniz.<\/p><br>\r\n<p><strong>&#304;&#351;lenen Ki&#351;isel Verileriniz Nelerdir?<\/strong><\/p><br>\r\n<p>Paribu ile ili&#351;kiniz kapsam&#305;nda a&#351;a&#287;&#305;daki ki&#351;isel verileriniz i&#351;lenmektedir;<\/p><br>\r\n<p><strong>Kimlik Bilgileriniz:<\/strong> Ad soyad, T.C. kimlik numaras&#305;.<\/p><br>\r\n<p><strong>&#304;leti&#351;im Bilgileriniz:<\/strong> Telefon numaras&#305;, e-posta.<\/p><br>\r\n<p><strong>Ki&#351;isel Verilerin &#304;&#351;lenme Ama&ccedil;lar&#305;<\/strong><\/p><br>\r\n<p>Paribu ile ili&#351;kiniz kapsam&#305;nda elde edilen ki&#351;isel verileriniz a&#351;a&#287;&#305;daki ama&ccedil;larla i&#351;lenmektedir;<\/p><br>\r\n<p>Paribu taraf&#305;ndan d&uuml;zenlenen BJK Token Yar&#305;&#351;mas&#305;&rsquo;na kat&#305;l&#305;m taleplerinin al&#305;nmas&#305;,<\/p><br>\r\n<p>Yar&#305;&#351;ma&rsquo;ya kat&#305;l&#305;m sa&#287;layan ki&#351;ilerin kat&#305;l&#305;m ko&#351;ullar&#305;n&#305; ta&#351;&#305;y&#305;p ta&#351;&#305;mad&#305;&#287;&#305;n&#305;n kontrol&uuml;n&uuml;n sa&#287;lanmas&#305;,<\/p><br>\r\n<p>Yar&#305;&#351;ma&rsquo;ya kat&#305;lan ki&#351;iler aras&#305;ndan &ouml;nceden belirlenen ve yay&#305;nlanan &ldquo;Be&#351;ikta&#351; Token Yar&#305;&#351;ma Kat&#305;l&#305;m H&uuml;k&uuml;m ve Ko&#351;ullar&#305;&rdquo; kapsam&#305;nda kazananlar&#305;n tespit edilmesi,<\/p><br>\r\n<p>Kazanan kat&#305;l&#305;mc&#305;lar ile ileti&#351;ime ge&ccedil;ilmesi,&nbsp;<\/p><br>\r\n<p>Yar&#305;&#351;ma kapsam&#305;nda ger&ccedil;ekle&#351;tirilecek i&#351;lerin y&ouml;netimi ve takibinin yap&#305;lmas&#305;.<\/p><br>\r\n<p><strong>&#304;&#351;lenen Ki&#351;isel Verilerin Aktar&#305;m&#305;<\/strong><\/p><br>\r\n<p>Ki&#351;isel verileriniz Paribu taraf&#305;ndan yukar&#305;da belirtilen ama&ccedil;lar&#305;n ger&ccedil;ekle&#351;tirilebilmesi i&ccedil;in Kanun&rsquo;un 5. maddesinde d&uuml;zenlenen veri i&#351;leme &#351;artlar&#305; kapsam&#305;nda ve Kanun&rsquo;da belirtilen ki&#351;isel verilerin aktar&#305;lmas&#305;na ili&#351;kin kurallara uygun &#351;ekilde yurt i&ccedil;inde ve yurt d&#305;&#351;&#305;nda bulunan yetkili resmi kurum ve kurulu&#351;lar, hizmet sa&#287;lay&#305;c&#305; firmalar, i&#351; ortaklar&#305;m&#305;z ve tedarik&ccedil;ilerimiz ile payla&#351;&#305;labilmektedir.<\/p><br>\r\n<p><strong>Ki&#351;isel Verilerin Toplanma Y&ouml;ntemleri ve Hukuki Sebepleri<\/strong><\/p><br>\r\n<p>Paribu ile ili&#351;kiniz kapsam&#305;nda verileriniz Paribu&rsquo;nun d&uuml;zenledi&#287;i BJK Token Yar&#305;&#351;mas&#305; s&uuml;recinin ba&#351;&#305;nda ve s&uuml;re&ccedil; devam ederken elektronik ortamda yukar&#305;da yer verilen ama&ccedil; ve hizmetlerin Kanun&rsquo;un 5., 8., ve 9. madde h&uuml;k&uuml;mlerinde &ouml;ng&ouml;r&uuml;len &ccedil;er&ccedil;evede verilebilmesi amac&#305;na dayal&#305; olarak k&#305;smen otomatik yollarla toplanmaktad&#305;r.&nbsp;<\/p><br>\r\n<p>Kanun&rsquo;un 5. maddesinde belirtilen &ldquo;bir hakk&#305;n tesisi, kurulmas&#305; veya korunmas&#305;&rdquo; ve &ldquo;veri sorumlusunun me&#351;ru menfaatleri i&ccedil;in veri i&#351;lenmesinin zorunlu olmas&#305;&rdquo; hukuki sebeplerine dayal&#305; olarak&nbsp; ki&#351;isel verileriniz i&#351;lenmektedir.<\/p><br>\r\n<p><strong>Ki&#351;isel Verileriniz ile &#304;lgili Haklar&#305;n&#305;z&nbsp;<\/strong><\/p><br>\r\n<p>Kanun&rsquo;un &ldquo;ilgili ki&#351;inin haklar&#305;n&#305; d&uuml;zenleyen&quot; 11. maddesi kapsam&#305;nda ki&#351;isel verilerinizle ilgili olarak a&#351;a&#287;&#305;daki haklar&#305;n&#305;z bulunmaktad&#305;r;<\/p><br>\r\n<ul><br>\r\n<li>Ki&#351;isel veri i&#351;lenip i&#351;lenmedi&#287;ini &ouml;&#287;renme,<\/li><br>\r\n<li>Ki&#351;isel verileri i&#351;lenmi&#351;se buna ili&#351;kin bilgi talep etme,<\/li><br>\r\n<li>Ki&#351;isel verilerin i&#351;lenme amac&#305;n&#305; ve bunlar&#305;n amac&#305;na uygun kullan&#305;l&#305;p kullan&#305;lmad&#305;&#287;&#305;n&#305; &ouml;&#287;renme,<\/li><br>\r\n<li>Yurt i&ccedil;inde veya yurt d&#305;&#351;&#305;nda ki&#351;isel verilerin aktar&#305;ld&#305;&#287;&#305; &uuml;&ccedil;&uuml;nc&uuml; ki&#351;ileri bilme,<\/li><br>\r\n<li>Ki&#351;isel verilerin eksik veya yanl&#305;&#351; i&#351;lenmi&#351; olmas&#305; h&acirc;linde bunlar&#305;n d&uuml;zeltilmesini isteme,<\/li><br>\r\n<li>Ki&#351;isel verilerin silinmesini veya yok edilmesini isteme,<\/li><br>\r\n<li>Ki&#351;isel verilerin d&uuml;zeltilmesi, silinmesi ya da yok edilmesi halinde bu i&#351;lemlerin ki&#351;isel verilerin aktar&#305;ld&#305;&#287;&#305; &uuml;&ccedil;&uuml;nc&uuml; ki&#351;ilere bildirilmesini isteme,<\/li><br>\r\n<li>&#304;&#351;lenen verilerin m&uuml;nhas&#305;ran otomatik sistemler vas&#305;tas&#305;yla analiz edilmesi suretiyle ki&#351;inin kendisi aleyhine bir sonucun ortaya &ccedil;&#305;kmas&#305;na itiraz etme,<\/li><br>\r\n<li>Ki&#351;isel verilerin kanuna ayk&#305;r&#305; olarak i&#351;lenmesi sebebiyle zarara u&#287;ramas&#305; h&acirc;linde zarar&#305;n giderilmesini talep etme.<\/li><br>\r\n<\/ul><br>\r\n<p>Bu madde kapsam&#305;ndaki haklar&#305;n&#305;z&#305; kullanmak i&ccedil;in a&#351;a&#287;&#305;daki y&ouml;ntemlerden birini se&ccedil;erek <a href=\"http:\/\/www.paribu.com\" target=\"_blank\">www.paribu.com<\/a> web sitemizde yer alan Ki&#351;isel Veriler Hakk&#305;nda Ba&#351;vuru Formu&rsquo;nu doldurduktan sonra Veri Sorumlusuna Ba&#351;vuru Usul ve Esaslar&#305; Hakk&#305;nda Tebli&#287;&rsquo;e uygun olacak &#351;ekilde;<\/p><br>\r\n<ul><br>\r\n<li>Huzur Mahallesi Maslak Ayaza&#287;a Caddesi Uniq &#304;stanbul Sitesi B Blok No: 4B Sar&#305;yer\/ &#304;stanbul adresine dilek&ccedil;e veya noter kanal&#305; ile posta g&ouml;ndererek,<\/li><br>\r\n<li>E-posta adresinizi kullanarak <a href=\"mailto:kisiselveri@paribu.com\">kisiselveri@paribu.com<\/a> adresine e-posta g&ouml;ndererek,&nbsp;<\/li><br>\r\n<li>Kay&#305;tl&#305; elektronik posta (KEP) arac&#305;l&#305;&#287;&#305; ile <a href=\"mailto:paribu@hs02.kep.tr\">paribu@hs02.kep.tr<\/a> adresine g&ouml;ndererek taraf&#305;m&#305;za iletebilirsiniz.<\/li><br>\r\n<\/ul><br>\r\n<p>Bu kapsamda yap&#305;lacak olan &#351;ahsen ba&#351;vurular taraf&#305;m&#305;zca de&#287;erlendirilecek olup; talepleriniz niteli&#287;ine g&ouml;re en k&#305;sa s&uuml;rede ve en ge&ccedil; 30 g&uuml;n i&ccedil;inde sonu&ccedil;land&#305;r&#305;lacakt&#305;r.<br><br><\/p><\/div><\/div><div id=\"wpforms-16119-field_8-container\" class=\"wpforms-field wpforms-field-checkbox\" data-field-id=\"8\"><label class=\"wpforms-field-label wpforms-label-hide\">A&ccedil;&#305;k r&#305;za <span class=\"wpforms-required-label\">*<\/span><\/label><ul id=\"wpforms-16119-field_8\" class=\"wpforms-field-required\"><li class=\"choice-1 depth-1\"><input type=\"checkbox\" id=\"wpforms-16119-field_8_1\" name=\"wpforms[fields][8][]\" value=\"Paribu taraf&#305;ndan i&#351;lenen ki&#351;isel verilerime ili&#351;kin R&#305;za Metni&rsquo;ni okudum ve onayl&#305;yorum.\" required><label class=\"wpforms-field-label-inline\" for=\"wpforms-16119-field_8_1\">Paribu taraf&#305;ndan i&#351;lenen ki&#351;isel verilerime ili&#351;kin R&#305;za Metni&rsquo;ni okudum ve onayl&#305;yorum. <span class=\"wpforms-required-label\">*<\/span><\/label><\/li><\/ul><div class=\"wpforms-field-description wpforms-disclaimer-description\"><p><strong>PAR&#304;BU TEKNOLOJ&#304; ANON&#304;M &#350;&#304;RKET&#304; BE&#350;&#304;KTA&#350; TOKEN YARI&#350;MASI KATILIMCILARINA &#304;L&#304;&#350;K&#304;N A&Ccedil;IK RIZA METN&#304;<\/strong><\/p><br>\r\n<p>Paribu Teknoloji A.&#350;. (&ldquo;<strong>Paribu<\/strong>&rdquo; veya &ldquo;<strong>&#350;irket<\/strong>&rdquo;) taraf&#305;ndan Be&#351;ikta&#351; Token Yar&#305;&#351;mas&#305; (&ldquo;<strong>BJK Token Yar&#305;&#351;mas&#305;<\/strong>&rdquo; veya &ldquo;<strong>Yar&#305;&#351;ma<\/strong>&rdquo;) kapsam&#305;nda, 6698 say&#305;l&#305; Ki&#351;isel Verilerin Korunmas&#305; Kanunu (&ldquo;<strong>Kanun<\/strong>&rdquo;) uyar&#305;nca &ldquo;<em>Paribu Teknoloji Anonim &#350;irketi Be&#351;ikta&#351; Token Yar&#305;&#351;mas&#305; Kat&#305;l&#305;mc&#305;lar&#305;na &#304;li&#351;kin Ayd&#305;nlatma Metni<\/em>&rdquo; arac&#305;l&#305;&#287;&#305;yla i&#351;lenen ki&#351;isel verilerim hakk&#305;nda bilgilendirildim.<\/p><br>\r\n<p>Be&#351;ikta&#351; Token Yar&#305;&#351;mas&#305; s&uuml;reci kapsam&#305;nda elde edilen ad, soyad ve T.C. kimlik numaras&#305; bilgilerimi i&ccedil;eren kimlik verilerinin; telefon numaras&#305; ve e-posta bilgilerimi i&ccedil;eren ileti&#351;im verilerinin;&nbsp;<\/p><br>\r\n<ul><br>\r\n<li>Paribu taraf&#305;ndan d&uuml;zenlenen BJK Token Yar&#305;&#351;mas&#305;&rsquo;na kat&#305;l&#305;m taleplerinin al&#305;nmas&#305;,<\/li><br>\r\n<li>Yar&#305;&#351;ma&rsquo;ya kat&#305;l&#305;m sa&#287;layan ki&#351;ilerin kat&#305;l&#305;m ko&#351;ullar&#305;n&#305; ta&#351;&#305;y&#305;p ta&#351;&#305;mad&#305;&#287;&#305;n&#305;n kontrol&uuml;n&uuml;n sa&#287;lanmas&#305;,<\/li><br>\r\n<li>Yar&#305;&#351;ma&rsquo;ya kat&#305;lan ki&#351;iler aras&#305;ndan &ouml;nceden belirlenen ve yay&#305;nlanan &ldquo;Be&#351;ikta&#351; Token Yar&#305;&#351;ma Kat&#305;l&#305;m H&uuml;k&uuml;m ve Ko&#351;ullar&#305;&rdquo; kapsam&#305;nda kazananlar&#305;n tespit edilmesi,<\/li><br>\r\n<li>Kazanan kat&#305;l&#305;mc&#305;lar ile ileti&#351;ime ge&ccedil;ilmesi,&nbsp;<\/li><br>\r\n<li><strong>Yar&#305;&#351;ma kapsam&#305;nda ger&ccedil;ekle&#351;tirilecek i&#351;lerin y&ouml;netimi ve takibinin yap&#305;lmas&#305;<\/strong><\/li><br>\r\n<\/ul><br>\r\n<p><strong>amac&#305;yla i&#351;lenmesine ve Kanun&rsquo;un 8. ve 9. maddelerinde belirtilen ki&#351;isel verilerin aktar&#305;lmas&#305;na ili&#351;kin kurallara uygun &#351;ekilde yurt i&ccedil;inde ve yurt d&#305;&#351;&#305;nda bulunan yetkili resmi kurum ve kurulu&#351;lar, hizmet sa&#287;lay&#305;c&#305; firmalar, i&#351; ortaklar&#305; ve tedarik&ccedil;iler ile payla&#351;&#305;lmas&#305;na r&#305;za veriyorum.&nbsp;<\/strong><\/p><br>\r\n<p><em>Paribu Teknoloji Anonim &#350;irketi Notu: Paribu b&uuml;nyesinde ki&#351;isel verilerin korunmas&#305; ve i&#351;lenmesine ili&#351;kin daha detayl&#305; bilgiye ula&#351;mak isterseniz, r&#305;zan&#305;z&#305; geri almak isterseniz ve Kanun kapsam&#305;ndaki haklar&#305;n&#305;z&#305; kullanmak isterseniz &ldquo; <\/em><a href=\"http:\/\/www.paribu.com\" target=\"_blank\">www.paribu.com<\/a><em>&rdquo; adresi arac&#305;l&#305;&#287;&#305;yla daha detayl&#305; bilgiye ula&#351;abilirsiniz.<\/em><\/p><\/div><\/div><\/div><!-- .wpforms-field-container --><div class=\"wpforms-recaptcha-container wpforms-is-recaptcha wpforms-is-recaptcha-type-v2\"><div class=\"g-recaptcha\" data-sitekey=\"6LeBKJImAAAAAPYDUd0jF8LoSIe48uLkM01ppzyT\"><\/div><input type=\"text\" name=\"g-recaptcha-hidden\" class=\"wpforms-recaptcha-hidden\" style=\"position:absolute!important;clip:rect(0,0,0,0)!important;height:1px!important;width:1px!important;border:0!important;overflow:hidden!important;padding:0!important;margin:0!important;\" data-rule-recaptcha=\"1\"><\/div><div class=\"wpforms-submit-container\"><input type=\"hidden\" name=\"wpforms[id]\" value=\"16119\"><input type=\"hidden\" name=\"page_title\" value=\"\"><input type=\"hidden\" name=\"page_url\" value=\"https:\/\/www.paribu.com\/blog\/wp-json\/wp\/v2\/pages\/16115\"><input type=\"hidden\" name=\"url_referer\" value=\"\"><button type=\"submit\" name=\"wpforms[submit]\" id=\"wpforms-submit-16119\" class=\"wpforms-submit\" data-alt-text=\"G&ouml;nderiliyor...\" data-submit-text=\"G&ouml;nder\" aria-live=\"assertive\" value=\"wpforms-submit\">G&ouml;nder<\/button><img decoding=\"async\" src=\"https:\/\/www.paribu.com\/blog\/wp-content\/plugins\/wpforms\/assets\/images\/submit-spin.svg\" class=\"wpforms-submit-spinner\" style=\"display: none;\" width=\"26\" height=\"26\" alt=\"Y&uuml;kleniyor\"\/><\/div><\/form><\/div>  <!-- .wpforms-container --><br>\n[\/timed-content-server]\n","protected":false},"excerpt":{"rendered":"<p>[timed-content-server show=&rdquo;2024-08-15 19:03:00 +0300&Prime;] G&uuml;ncelleme: &ldquo;Be&#351;ikta&#351; Token (BJK) sahibi Paribu kullan&#305;c&#305;lar&#305; ma&ccedil;&#305; locadan izliyor&rdquo; yar&#305;&#351;mam&#305;z sona erdi. [\/timed-content-server] 15 A&#287;ustos 2024 Per&#351;embe g&uuml;n&uuml; saat 15.00 &ndash; 19.03 saatleri aras&#305;nda Paribu hesab&#305;nda en az 10 Be&#351;ikta&#351; Token (BJK) olan ve soruya do&#287;ru cevap veren ilk 15 ki&#351;i, 18 A&#287;ustos 2024 Pazar g&uuml;n&uuml; saat 21.45&rsquo;te oynanacak olan [&hellip;]<\/p>\n","protected":false},"author":1,"featured_media":16127,"parent":0,"menu_order":0,"comment_status":"closed","ping_status":"closed","template":"","meta":{"footnotes":""},"class_list":["post-16115","page","type-page","status-publish","has-post-thumbnail","hentry"],"_links":{"self":[{"href":"https:\/\/www.paribu.com\/blog\/wp-json\/wp\/v2\/pages\/16115","targetHints":{"allow":["GET"]}}],"collection":[{"href":"https:\/\/www.paribu.com\/blog\/wp-json\/wp\/v2\/pages"}],"about":[{"href":"https:\/\/www.paribu.com\/blog\/wp-json\/wp\/v2\/types\/page"}],"author":[{"embeddable":true,"href":"https:\/\/www.paribu.com\/blog\/wp-json\/wp\/v2\/users\/1"}],"replies":[{"embeddable":true,"href":"https:\/\/www.paribu.com\/blog\/wp-json\/wp\/v2\/comments?post=16115"}],"version-history":[{"count":0,"href":"https:\/\/www.paribu.com\/blog\/wp-json\/wp\/v2\/pages\/16115\/revisions"}],"wp:featuredmedia":[{"embeddable":true,"href":"https:\/\/www.paribu.com\/blog\/wp-json\/wp\/v2\/media\/16127"}],"wp:attachment":[{"href":"https:\/\/www.paribu.com\/blog\/wp-json\/wp\/v2\/media?parent=16115"}],"curies":[{"name":"wp","href":"https:\/\/api.w.org\/{rel}","templated":true}]}}