{"id":12569,"date":"2023-07-25T13:55:08","date_gmt":"2023-07-25T10:55:08","guid":{"rendered":"https:\/\/www.paribu.com\/blog\/?page_id=12569"},"modified":"2023-08-08T14:56:51","modified_gmt":"2023-08-08T11:56:51","slug":"oppenheimer-bilet-cekilis","status":"publish","type":"page","link":"https:\/\/www.paribu.com\/blog\/oppenheimer-bilet-cekilis\/","title":{"rendered":"Paribu Kullan\u0131c\u0131lar\u0131na \u00d6zel Oppenheimer G\u00f6sterimi"},"content":{"rendered":"<p><strong>G&uuml;ncelleme: &ldquo;Paribu Kullan&#305;c&#305;lar&#305;na &Ouml;zel Oppenheimer G&ouml;sterimi&rdquo;&nbsp;kampanyas&#305; sona erdi.<\/strong><\/p>\n<p>&nbsp;<\/p>\n<p>Paribu kullan&#305;c&#305;lar&#305;na &ouml;zel Oppenheimer g&ouml;sterimi i&ccedil;in Paribu&rsquo;nun <a href=\"https:\/\/www.instagram.com\/paribucom\/\">Instagram<\/a> veya <a href=\"https:\/\/twitter.com\/ParibuCom\">Twitter<\/a> hesaplar&#305;ndan payla&#351;&#305;lan ad&#305;mlar&#305; <em>(@paribucom&rsquo;u takip etmek, bir arkada&#351;&#305;n&#305; etiketleyerek, soruyu yorumlarda yan&#305;tlamak)<\/em> tamamlad&#305;ktan sonra a&#351;a&#287;&#305;daki formu doldurman&#305;z gerekmektedir. Bu ad&#305;mlar&#305; tamamlamadan doldurulan formlar ge&ccedil;ersiz say&#305;lacakt&#305;r.<\/p>\n<h2>Kampanya Detaylar&#305; ve Ko&#351;ullar<\/h2>\n<ol>\n<li>Paribu kullan&#305;c&#305;lar&#305;, Paribu&rsquo;nun sosyal medya hesaplar&#305; &uuml;zerinden 25 Temmuz 2023 17.00 ile 2 A&#287;ustos 2023 saat 23:59 tarihleri aras&#305;nda kampanyaya kat&#305;labilir.<\/li>\n<li>Kampanyadan kimlik do&#287;rulama i&#351;lemlerini tamamlayan Paribu kullan&#305;c&#305;lar&#305; yararlanabilir.<\/li>\n<li>Kampanya kapsam&#305;nda 7 A&#287;ustos 2023 saat 20.00&rsquo;de Paribu Cineverse Kanyon ve Paribu Cineverse Hilltown Maltepe&rsquo;de yap&#305;lacak g&ouml;sterimlerden biri i&ccedil;in &ccedil;ift ki&#351;ilik davetiye ve orta boy m&#305;s&#305;r men&uuml; hediyesi (m&#305;s&#305;r ve kola) verilmektedir. Kazan&#305;lan hakk&#305;n ba&#351;ka bir salonda veya ba&#351;ka bir film i&ccedil;in kullan&#305;lmas&#305; teklif edilemez.<\/li>\n<li>Kampanya kapsam&#305;nda kazan&#305;lan davetiye ba&#351;kas&#305;na sat&#305;lamaz, paraya &ccedil;evrilemez, devredilemez. Salon giri&#351;inde kimlik teyidi ger&ccedil;ekle&#351;tirilecektir.<\/li>\n<li>Kampanya kapsam&#305;nda salonlar&#305;n kapasitesine ba&#287;l&#305; olarak &ccedil;ekili&#351; ile 400 Paribu kullan&#305;c&#305;s&#305;na &ccedil;ift ki&#351;ilik davetiye verilecektir. Kullan&#305;c&#305;lar ve davetlileri olmak &uuml;zere, toplam 818 ki&#351;i g&ouml;sterimlere kat&#305;labilecektir.<\/li>\n<li>&Ccedil;ekili&#351;, Simpliers vb. uygulamalar &uuml;zerinden ger&ccedil;ekle&#351;ecektir. 400 asil ve 100 yedek olarak belirlenecek &ccedil;ekili&#351; sonucunda kazanan ki&#351;ilerle 4 A&#287;ustos 23:59&rsquo;a kadar sosyal medya &uuml;zerinden direkt mesaj, e-posta ya da telefon ile ileti&#351;ime ge&ccedil;ilecektir.<\/li>\n<li>&Ccedil;ift ki&#351;ilik davetiye kazanan kullan&#305;c&#305;lar&#305;n davetlilerinin Paribu kullan&#305;c&#305;s&#305; olma &#351;art&#305; bulunmamaktad&#305;r.<\/li>\n<li>G&ouml;sterim g&uuml;n&uuml; 17.00 itibar&#305;yla salonlar&#305;n fuaye alan&#305;nda kurulan kar&#351;&#305;lama bankosundaki g&ouml;revliler taraf&#305;ndan davetiyeler teslim edilecektir. Koltuk numaras&#305; &ouml;nceden belirlenmemektedir. Davetlilerin ve kazananlar&#305;n salona geli&#351; saati koltuk se&ccedil;iminde belirleyici olacakt&#305;r. Al&#305;nan davetiyeler, sinema salonuna giri&#351;te ve b&uuml;feden orta boy m&#305;s&#305;r men&uuml; al&#305;m&#305;nda kullan&#305;lacakt&#305;r.<\/li>\n<li>Form &uuml;zerinden yap&#305;lan lokasyon se&ccedil;imleri kesinlik te&#351;kil etmemektedir. &Ccedil;ekili&#351;e kat&#305;lan t&uuml;m kullan&#305;c&#305;lar&#305;n &ouml;zel g&ouml;sterime kat&#305;laca&#287;&#305; lokasyon, iletti&#287;i tercih ve salonlar&#305;n koltuk kapasitesi g&ouml;z &ouml;n&uuml;nde bulundurularak belirlenecektir.<\/li>\n<li data-stringify-indent=\"0\" data-stringify-border=\"0\">Kampanyadan sadece ger&ccedil;ek ki&#351;i olan PAR&#304;BU kullan&#305;c&#305;lar&#305; faydalanabilir, t&uuml;zel ki&#351;iler faydalanamaz.<\/li>\n<li>Kampanyaya kat&#305;lan herkes, kampanya &#351;artlar&#305;n&#305; okuyup anlayarak pe&#351;inen kabul etmi&#351; say&#305;l&#305;r.<\/li>\n<li>Kampanya kapsam&#305;nda &ccedil;&#305;kabilecek her t&uuml;rl&uuml; uyu&#351;mazl&#305;kta PAR&#304;BU&rsquo;nun t&uuml;m kay&#305;tlar&#305; esas al&#305;nacakt&#305;r.<\/li>\n<li>Kat&#305;l&#305;mc&#305;lar&#305;n kampanya ko&#351;ullar&#305;na uyup uymad&#305;klar&#305;n&#305;n denetim ve de&#287;erlendirmesi, kat&#305;l&#305;mc&#305;lar&#305;n beyanlar&#305; &ccedil;er&ccedil;evesinde, m&uuml;nhas&#305;ran taraf&#305;ndan yap&#305;lacakt&#305;r.<\/li>\n<li>PAR&#304;BU, kampanya s&uuml;resini ve t&uuml;m &#351;artlar&#305;n&#305; &ouml;nceden haber vermeksizin tek tarafl&#305; olarak de&#287;i&#351;tirebilir ya da kampanyay&#305;, kampanya ba&#351;lam&#305;&#351; olsa dahi iptal edebilir. Bu de&#287;i&#351;iklik ya da iptal, kampanyaya kat&#305;lan kullan&#305;c&#305;lara kazan&#305;lm&#305;&#351; hak te&#351;kil etmez.<\/li>\n<li>Kampanyaya kat&#305;lmak isteyen kullan&#305;c&#305;lar&#305;n herhangi bir sebeple ya&#351;ayacaklar&#305; aksakl&#305;klardan PAR&#304;BU mesul olmayacakt&#305;r ve bu aksakl&#305;k sebebiyle kullan&#305;c&#305; lehine kazan&#305;lm&#305;&#351; hak do&#287;mayacakt&#305;r.<\/li>\n<\/ol>\n<p>Yukar&#305;da yer alan t&uuml;m ko&#351;ullar, kampanyaya kat&#305;lan t&uuml;m kullan&#305;c&#305;lar i&ccedil;in ge&ccedil;erli ve ba&#287;lay&#305;c&#305;d&#305;r. Olu&#351;abilecek herhangi bir de&#287;i&#351;ikli&#287;i takip etme y&uuml;k&uuml;ml&uuml;l&uuml;&#287;&uuml; kullan&#305;c&#305;larda olup PAR&#304;BU &lsquo;nun kullan&#305;c&#305;lar&#305; olas&#305; de&#287;i&#351;iklikler hakk&#305;nda bilgilendirme y&uuml;k&uuml;ml&uuml;l&uuml;&#287;&uuml; yoktur. Bu nedenle kullan&#305;c&#305;lar, g&uuml;ncel ko&#351;ul ve kurallar&#305; kendileri takip etmekle y&uuml;k&uuml;ml&uuml;d&uuml;rler.<\/p>\n","protected":false},"excerpt":{"rendered":"<p>G&uuml;ncelleme: &ldquo;Paribu Kullan&#305;c&#305;lar&#305;na &Ouml;zel Oppenheimer G&ouml;sterimi&rdquo;&nbsp;kampanyas&#305; sona erdi. &nbsp; Paribu kullan&#305;c&#305;lar&#305;na &ouml;zel Oppenheimer g&ouml;sterimi i&ccedil;in Paribu&rsquo;nun Instagram veya Twitter hesaplar&#305;ndan payla&#351;&#305;lan ad&#305;mlar&#305; (@paribucom&rsquo;u takip etmek, bir arkada&#351;&#305;n&#305; etiketleyerek, soruyu yorumlarda yan&#305;tlamak) tamamlad&#305;ktan sonra a&#351;a&#287;&#305;daki formu doldurman&#305;z gerekmektedir. Bu ad&#305;mlar&#305; tamamlamadan doldurulan formlar ge&ccedil;ersiz say&#305;lacakt&#305;r. Kampanya Detaylar&#305; ve Ko&#351;ullar Paribu kullan&#305;c&#305;lar&#305;, Paribu&rsquo;nun sosyal medya hesaplar&#305; &uuml;zerinden [&hellip;]<\/p>\n","protected":false},"author":1,"featured_media":12580,"parent":0,"menu_order":0,"comment_status":"closed","ping_status":"closed","template":"","meta":{"footnotes":""},"class_list":["post-12569","page","type-page","status-publish","has-post-thumbnail","hentry"],"_links":{"self":[{"href":"https:\/\/www.paribu.com\/blog\/wp-json\/wp\/v2\/pages\/12569","targetHints":{"allow":["GET"]}}],"collection":[{"href":"https:\/\/www.paribu.com\/blog\/wp-json\/wp\/v2\/pages"}],"about":[{"href":"https:\/\/www.paribu.com\/blog\/wp-json\/wp\/v2\/types\/page"}],"author":[{"embeddable":true,"href":"https:\/\/www.paribu.com\/blog\/wp-json\/wp\/v2\/users\/1"}],"replies":[{"embeddable":true,"href":"https:\/\/www.paribu.com\/blog\/wp-json\/wp\/v2\/comments?post=12569"}],"version-history":[{"count":0,"href":"https:\/\/www.paribu.com\/blog\/wp-json\/wp\/v2\/pages\/12569\/revisions"}],"wp:featuredmedia":[{"embeddable":true,"href":"https:\/\/www.paribu.com\/blog\/wp-json\/wp\/v2\/media\/12580"}],"wp:attachment":[{"href":"https:\/\/www.paribu.com\/blog\/wp-json\/wp\/v2\/media?parent=12569"}],"curies":[{"name":"wp","href":"https:\/\/api.w.org\/{rel}","templated":true}]}}