{"id":12329,"date":"2023-07-06T17:24:27","date_gmt":"2023-07-06T14:24:27","guid":{"rendered":"https:\/\/www.paribu.com\/blog\/?page_id=12329"},"modified":"2024-11-13T16:24:11","modified_gmt":"2024-11-13T13:24:11","slug":"10-creative-fellows","status":"publish","type":"page","link":"https:\/\/www.paribu.com\/blog\/10-creative-fellows\/","title":{"rendered":"10 Creative Fellows"},"content":{"rendered":"<p><\/p>\n<h1>10 Creative Fellows ba\u015flad\u0131<\/h1>\n<p>Paribu, kuruldu\u011fu g\u00fcnden bu yana yaratt\u0131\u011f\u0131 katma de\u011feri topluma fayda sa\u011flayacak \u015fekilde d\u00f6n\u00fc\u015ft\u00fcrmek i\u00e7in sorumluluk al\u0131yor. \u015eimdiye kadar farkl\u0131 sponsorluklar kapsam\u0131nda verdi\u011fi destekleri bug\u00fcn bir ad\u0131m \u00f6teye ta\u015f\u0131yarak, yarat\u0131c\u0131 end\u00fcstriler alan\u0131nda ihtiya\u00e7 duyulan yetkinliklere sahip ki\u015filerin yeti\u015fmesine katk\u0131 sa\u011flamaya devam ediyor. Program\u0131n ikinci d\u00f6nemi 2024 Ekim itibar\u0131yla ba\u015flad\u0131.<\/p>\n<p>2023 y\u0131l\u0131nda ba\u015flayan program\u0131n ilk d\u00f6neminin izleme ve de\u011ferlendirme raporuna <a href=\"https:\/\/www.paribu.com\/blog\/haberler\/10-creative-fellows-programi-birinci-doneminin-izleme-ve-degerlendirme-raporu-yayinlandi\/\" target=\"_blank\" rel=\"noopener\">buradan<\/a> ula\u015fabilirsiniz.<\/p>\n<ul>\n<li><a href=\"#hakkinda\">Program hakk\u0131nda<\/a><\/li>\n<li><a href=\"#hedefler\">Hedefler<\/a><\/li>\n<li><a href=\"#fellowlar\">Fellowlar<\/a><\/li>\n<li><a href=\"#mentorlar\">Mentorlar<\/a><\/li>\n<li><a href=\"#bilesenler\">Program bile\u015fenleri<\/a><\/li>\n<\/ul>\n<h2 id=\"hakkinda\" class=\"anchor\">PROGRAM HAKKINDA<\/h2>\n<p>\u201c10 Creative Fellows\u201d program\u0131, yarat\u0131c\u0131 end\u00fcstriler alan\u0131nda kendini geli\u015ftirmek ve \u00fcretmek isteyen gen\u00e7leri bir araya getiriyor. Program, gen\u00e7lere y\u00f6netim ve kapasite geli\u015ftirme at\u00f6lyeleri, kaynak deste\u011fi, mentorluk ve a\u011f kurma f\u0131rsat\u0131 sunarak, kariyer yolculuklar\u0131nda destek olmay\u0131 ama\u00e7l\u0131yor. Yarat\u0131c\u0131l\u0131k, yenilik\u00e7ilik ve giri\u015fimcilik aras\u0131ndaki payla\u015f\u0131m alanlar\u0131n\u0131 \u00e7o\u011faltarak, bireylerin yarat\u0131c\u0131l\u0131k potansiyellerini geli\u015ftirmeyi hedefliyor.<\/p>\n<p>Program, bu y\u0131l T\u00fcrkiye\u2019deki \u00fcniversitelerin g\u00f6rsel (plastik) sanatlar, sahne ve g\u00f6steri sanatlar\u0131 y\u00f6netimi, g\u00f6rsel ileti\u015fim tasar\u0131m\u0131, multimedya, moda tasar\u0131m\u0131, end\u00fcstriyel tasar\u0131m, dijital oyun tasar\u0131m\u0131, bilgisayar m\u00fchendisli\u011fi, i\u015fletme m\u00fchendisli\u011fi, end\u00fcstri m\u00fchendisli\u011fi, \u00e7evre m\u00fchendisli\u011fi, i\u015fletme, ekonomi, i\u00e7 mimarl\u0131k, mimarl\u0131k, y\u00f6netim ve bili\u015fim sistemleri b\u00f6l\u00fcmlerine ba\u011fl\u0131, 2024 g\u00fcz ve 2025 bahar d\u00f6nemlerinde lisans veya y\u00fcksek lisans program\u0131na devam edecek \u00f6\u011frencilerin ba\u015fvurusuna a\u00e7\u0131kt\u0131r. <\/p>\n<h2 id=\"hedefler\" class=\"anchor\">HEDEFLER<\/h2>\n<ul>\n<li>Yarat\u0131c\u0131 end\u00fcstrilerde ihtiya\u00e7 duyulan yetkinliklere sahip ki\u015filerin yeti\u015fmesi i\u00e7in gen\u00e7lere y\u00f6nelik kapasite geli\u015ftirme \u00e7al\u0131\u015fmalar\u0131 ger\u00e7ekle\u015ftirmek<\/li>\n<li>Yarat\u0131c\u0131 end\u00fcstrilerdeki farkl\u0131 akt\u00f6rlerin bir arada kolektif etki yaratmas\u0131na imk\u00e2n verecek bir i\u00e7erik ve s\u00fcrd\u00fcr\u00fclebilir bir a\u011f tasarlamak<\/li>\n<li>Yarat\u0131c\u0131 end\u00fcstriler alan\u0131nda faaliyet g\u00f6steren sivil toplum kurulu\u015flar\u0131 ve uzmanlarla i\u015f birliklerini \u00e7o\u011faltarak alandaki oyuncular\u0131 g\u00fc\u00e7lendirmek<\/li>\n<li>Yeni teknolojilerin yarat\u0131c\u0131 end\u00fcstriler ile ba\u011f\u0131n\u0131 g\u00fc\u00e7lendirmek<\/li>\n<\/ul>\n<h2 id=\"fellowlar\" class=\"anchor\">FELLOWLAR<\/h2>\n<p>10 Creative Fellows\u2019un yeni d\u00f6nem fellowlar\u0131 belli oldu. Fellowlar\u0131 yak\u0131ndan tan\u0131mak i\u00e7in <a href=\"https:\/\/www.paribu.com\/blog\/yeni-fellowlari-taniyin\/\" target=\"_blank\" rel=\"noopener\">buraya<\/a> t\u0131klay\u0131n.<\/p>\n<h2 id=\"mentorlar\" class=\"anchor\">MENTORLAR<\/h2>\n<p>Azize Tan, Ayval\u0131k\u00a0Uluslararas\u0131 Film Festivali<br \/>\nBediz Y\u0131ld\u0131r\u0131m, Bediz Co. &amp; \u0130stanbul Moda Akademisi<br \/>\nCenk Suyabatmaz, Craft Tiyatro ve Oyunculuk At\u00f6lyesi<br \/>\nDerya Toros, Toros &amp; Partners Mimarl\u0131k<br \/>\nEda G\u00f6knar, \u0130stanbul K\u00fclt\u00fcr Sanat Vakf\u0131<br \/>\nEngin Kafadar, Paribu<br \/>\nEsra \u00d6zkan, Ba\u011f\u0131ms\u0131z K\u00fcrat\u00f6r<br \/>\nEzgi Sezer, Reflect Studio<br \/>\nGizem Gezeno\u011flu, Fermente<br \/>\nHuo Rf, Border_less ARTBOOK DAYS<br \/>\n\u0130dil Sivritepe, Craft Tiyatro ve Oyunculuk At\u00f6lyesi<br \/>\nKunter \u015eekercio\u011flu, Kilit Ta\u015f\u0131 Tasar\u0131m<br \/>\nMelek Gen\u00e7er, Border_less ARTBOOK DAYS<br \/>\nMurat K\u0131l\u0131k\u00e7\u0131er, HOOD Base<br \/>\nOlgu Baran Kubilay, Craft Tiyatro ve Oyunculuk At\u00f6lyesi<br \/>\nOsman Nuri \u0130yem, Evin Sanat Galerisi<br \/>\nSenem \u00c7elik\u00f6rsl\u00fc, Arter<br \/>\nZeynep Naz \u0130nansal, \u0130stanbul K\u00fclt\u00fcr Sanat Vakf\u0131<\/p>\n<h2 id=\"bilesenler\" class=\"anchor\">PROGRAM B\u0130LE\u015eENLER\u0130<\/h2>\n<p><img decoding=\"async\" class=\"alignnone wp-image-15480 size-large\" src=\"https:\/\/www.paribu.com\/blog\/wp-content\/uploads\/2024\/06\/10CF_Basvuru-sureci-2024-670x1024.jpg\" alt=\"\" width=\"670\" height=\"1024\" srcset=\"https:\/\/www.paribu.com\/blog\/wp-content\/uploads\/2024\/06\/10CF_Basvuru-sureci-2024-670x1024.jpg 670w, https:\/\/www.paribu.com\/blog\/wp-content\/uploads\/2024\/06\/10CF_Basvuru-sureci-2024-196x300.jpg 196w, https:\/\/www.paribu.com\/blog\/wp-content\/uploads\/2024\/06\/10CF_Basvuru-sureci-2024-768x1173.jpg 768w, https:\/\/www.paribu.com\/blog\/wp-content\/uploads\/2024\/06\/10CF_Basvuru-sureci-2024-1005x1536.jpg 1005w, https:\/\/www.paribu.com\/blog\/wp-content\/uploads\/2024\/06\/10CF_Basvuru-sureci-2024-1341x2048.jpg 1341w, https:\/\/www.paribu.com\/blog\/wp-content\/uploads\/2024\/06\/10CF_Basvuru-sureci-2024-720x1100.jpg 720w, https:\/\/www.paribu.com\/blog\/wp-content\/uploads\/2024\/06\/10CF_Basvuru-sureci-2024-580x886.jpg 580w, https:\/\/www.paribu.com\/blog\/wp-content\/uploads\/2024\/06\/10CF_Basvuru-sureci-2024-320x489.jpg 320w, https:\/\/www.paribu.com\/blog\/wp-content\/uploads\/2024\/06\/10CF_Basvuru-sureci-2024.jpg 1440w\" sizes=\"(max-width: 670px) 100vw, 670px\" \/><\/p>\n<p><\/p>\n<p><img decoding=\"async\" class=\"alignleft wp-image-14951\" style=\"margin-right: 1rem; margin-top: 1.5rem;\" src=\"https:\/\/www.paribu.com\/blog\/wp-content\/uploads\/2024\/05\/katalist-logo-150x150.png\" alt=\"\" width=\"75\" height=\"75\" srcset=\"https:\/\/www.paribu.com\/blog\/wp-content\/uploads\/2024\/05\/katalist-logo-150x150.png 150w, https:\/\/www.paribu.com\/blog\/wp-content\/uploads\/2024\/05\/katalist-logo-300x300.png 300w, https:\/\/www.paribu.com\/blog\/wp-content\/uploads\/2024\/05\/katalist-logo-320x320.png 320w, https:\/\/www.paribu.com\/blog\/wp-content\/uploads\/2024\/05\/katalist-logo-120x120.png 120w, https:\/\/www.paribu.com\/blog\/wp-content\/uploads\/2024\/05\/katalist-logo.png 560w\" sizes=\"(max-width: 75px) 100vw, 75px\" \/><\/p>\n<p>Program tasar\u0131m\u0131 ve uygulama partneri<br \/>\n<a href=\"https:\/\/katal.ist\/\" target=\"_blank\" rel=\"nofollow noopener\">Katalist<\/a>, S\u00fcrd\u00fcr\u00fclebilirlik Dan\u0131\u015fmanl\u0131\u011f\u0131<\/p>\n","protected":false},"excerpt":{"rendered":"<p>10 Creative Fellows ba\u015flad\u0131 Paribu, kuruldu\u011fu g\u00fcnden bu yana yaratt\u0131\u011f\u0131 katma de\u011feri topluma fayda sa\u011flayacak \u015fekilde d\u00f6n\u00fc\u015ft\u00fcrmek i\u00e7in sorumluluk al\u0131yor. \u015eimdiye kadar farkl\u0131 sponsorluklar kapsam\u0131nda verdi\u011fi destekleri bug\u00fcn bir ad\u0131m \u00f6teye ta\u015f\u0131yarak, yarat\u0131c\u0131 end\u00fcstriler alan\u0131nda ihtiya\u00e7 duyulan yetkinliklere sahip ki\u015filerin yeti\u015fmesine katk\u0131 sa\u011flamaya devam ediyor. Program\u0131n ikinci d\u00f6nemi 2024 Ekim itibar\u0131yla ba\u015flad\u0131. 2023 y\u0131l\u0131nda ba\u015flayan [&hellip;]<\/p>\n","protected":false},"author":1,"featured_media":12429,"parent":0,"menu_order":0,"comment_status":"closed","ping_status":"closed","template":"","meta":{"footnotes":""},"class_list":["post-12329","page","type-page","status-publish","has-post-thumbnail","hentry"],"_links":{"self":[{"href":"https:\/\/www.paribu.com\/blog\/wp-json\/wp\/v2\/pages\/12329","targetHints":{"allow":["GET"]}}],"collection":[{"href":"https:\/\/www.paribu.com\/blog\/wp-json\/wp\/v2\/pages"}],"about":[{"href":"https:\/\/www.paribu.com\/blog\/wp-json\/wp\/v2\/types\/page"}],"author":[{"embeddable":true,"href":"https:\/\/www.paribu.com\/blog\/wp-json\/wp\/v2\/users\/1"}],"replies":[{"embeddable":true,"href":"https:\/\/www.paribu.com\/blog\/wp-json\/wp\/v2\/comments?post=12329"}],"version-history":[{"count":0,"href":"https:\/\/www.paribu.com\/blog\/wp-json\/wp\/v2\/pages\/12329\/revisions"}],"wp:featuredmedia":[{"embeddable":true,"href":"https:\/\/www.paribu.com\/blog\/wp-json\/wp\/v2\/media\/12429"}],"wp:attachment":[{"href":"https:\/\/www.paribu.com\/blog\/wp-json\/wp\/v2\/media?parent=12329"}],"curies":[{"name":"wp","href":"https:\/\/api.w.org\/{rel}","templated":true}]}}